{"id":163,"date":"2025-11-30T19:08:57","date_gmt":"2025-11-30T17:08:57","guid":{"rendered":"https:\/\/www.teatteri-demo.tammipartio.fi\/?page_id=163"},"modified":"2025-11-30T19:16:16","modified_gmt":"2025-11-30T17:16:16","slug":"partiolaisten-esiintyja-merkki","status":"publish","type":"page","link":"https:\/\/www.teatteri-demo.tammipartio.fi\/?page_id=163","title":{"rendered":"Partiolaisten esiintyj\u00e4-merkki"},"content":{"rendered":"\n<p>Suomen Partiolaisten partio-ohjelmaan kuuluu <a href=\"https:\/\/partio-ohjelma.fi\/sudenpennut\/esiintyjae\" data-type=\"link\" data-id=\"https:\/\/partio-ohjelma.fi\/sudenpennut\/esiintyjae\">esiintyj\u00e4-j\u00e4lki sudenpennuille<\/a> <a href=\"https:\/\/partio-ohjelma.fi\/seikkailijat\/esiintyjae\">esiintyj\u00e4-haaste seikkailijoille<\/a> ja tarpojille luovuus-tarppoon liittyvi\u00e4 aktiviteetteja kuten <a href=\"https:\/\/partio-ohjelma.fi\/tarpojat\/luovuus-tarppo\/ilmaisu\">ilmaisu<\/a> ja <a href=\"https:\/\/partio-ohjelma.fi\/tarpojat\/luovuus-tarppo\/uusi-kokemus\">uusi kokemus<\/a>, joihin kaikkiin liittyy teatterivierailu.<\/p>\n\n\n\n<p>Ota yhteytt\u00e4, niin sovitaan juuri sinun ryhm\u00e4llesi sopiva tapa toteuttaa esiintyj\u00e4-merkki\u00e4 ik\u00e4kauden mukaisesti. <br>Olemme tarjonneet mm. kulissikierrosta ennen n\u00e4yt\u00e4nn\u00f6n alkua, tekij\u00f6iden kanssa keskustelua ja n\u00e4yttelij\u00f6iden haastattelua mahdollisuuksien mukaan. N\u00e4yt\u00f6ksen j\u00e4lkeen n\u00e4yttelij\u00f6iden kanssa p\u00e4\u00e4see yhteiskuviin! Esiintyj\u00e4-merkki\u00e4 tekeville on my\u00f6s tarjottu katsomopaikkojen, kuten eturivin, varausmahdollisuutta, jota meill\u00e4 ei yleisesti ole k\u00e4yt\u00f6ss\u00e4. <br>Meit\u00e4 saa my\u00f6s vaikka haastatella lippukuntalehteen, ja voidaan tehd\u00e4 yhdess\u00e4 somemateriaaliakin! <br>Moni asia on mahdollinen, kunhan vain sovitaan yhdess\u00e4 etuk\u00e4teen. Kuinka hienoa olisi, jos vaikka Peppi Pitk\u00e4tossu, Risto R\u00e4pp\u00e4\u00e4j\u00e4 tai Kapteeni Koukku jakaisi laumalle tehdyt merkit esityksen katsomisen j\u00e4lkeen?<\/p>\n\n\n\n<figure class=\"wp-block-image size-large\"><a href=\"http:\/\/www.teatteri-demo.tammipartio.fi\/wp-content\/uploads\/2025\/11\/DSC_0233-e1764522480506.jpg\"><img loading=\"lazy\" decoding=\"async\" width=\"1024\" height=\"1001\" src=\"http:\/\/www.teatteri-demo.tammipartio.fi\/wp-content\/uploads\/2025\/11\/DSC_0233-e1764522480506-1024x1001.jpg\" alt=\"\" class=\"wp-image-165\" srcset=\"https:\/\/www.teatteri-demo.tammipartio.fi\/wp-content\/uploads\/2025\/11\/DSC_0233-e1764522480506-1024x1001.jpg 1024w, https:\/\/www.teatteri-demo.tammipartio.fi\/wp-content\/uploads\/2025\/11\/DSC_0233-e1764522480506-300x293.jpg 300w, https:\/\/www.teatteri-demo.tammipartio.fi\/wp-content\/uploads\/2025\/11\/DSC_0233-e1764522480506-768x751.jpg 768w, https:\/\/www.teatteri-demo.tammipartio.fi\/wp-content\/uploads\/2025\/11\/DSC_0233-e1764522480506.jpg 1262w\" sizes=\"auto, (max-width: 1024px) 100vw, 1024px\" \/><\/a><\/figure>\n","protected":false},"excerpt":{"rendered":"<p>Suomen Partiolaisten partio-ohjelmaan kuuluu esiintyj\u00e4-j\u00e4lki sudenpennuille esiintyj\u00e4-haaste seikkailijoille ja tarpojille luovuus-tarppoon liittyvi\u00e4 aktiviteetteja kuten ilmaisu ja uusi kokemus, joihin kaikkiin liittyy teatterivierailu. Ota yhteytt\u00e4, niin sovitaan juuri sinun ryhm\u00e4llesi sopiva tapa toteuttaa esiintyj\u00e4-merkki\u00e4 ik\u00e4kauden mukaisesti. Olemme tarjonneet mm. kulissikierrosta ennen n\u00e4yt\u00e4nn\u00f6n alkua, tekij\u00f6iden kanssa keskustelua ja n\u00e4yttelij\u00f6iden haastattelua mahdollisuuksien mukaan. N\u00e4yt\u00f6ksen j\u00e4lkeen n\u00e4yttelij\u00f6iden kanssa p\u00e4\u00e4see &hellip; <a href=\"https:\/\/www.teatteri-demo.tammipartio.fi\/?page_id=163\" class=\"more-link\">Jatka artikkeliin <span class=\"screen-reader-text\">Partiolaisten esiintyj\u00e4-merkki<\/span><\/a><\/p>\n","protected":false},"author":1,"featured_media":0,"parent":0,"menu_order":5,"comment_status":"closed","ping_status":"closed","template":"","meta":{"footnotes":""},"class_list":["post-163","page","type-page","status-publish","hentry"],"_links":{"self":[{"href":"https:\/\/www.teatteri-demo.tammipartio.fi\/index.php?rest_route=\/wp\/v2\/pages\/163","targetHints":{"allow":["GET"]}}],"collection":[{"href":"https:\/\/www.teatteri-demo.tammipartio.fi\/index.php?rest_route=\/wp\/v2\/pages"}],"about":[{"href":"https:\/\/www.teatteri-demo.tammipartio.fi\/index.php?rest_route=\/wp\/v2\/types\/page"}],"author":[{"embeddable":true,"href":"https:\/\/www.teatteri-demo.tammipartio.fi\/index.php?rest_route=\/wp\/v2\/users\/1"}],"replies":[{"embeddable":true,"href":"https:\/\/www.teatteri-demo.tammipartio.fi\/index.php?rest_route=%2Fwp%2Fv2%2Fcomments&post=163"}],"version-history":[{"count":1,"href":"https:\/\/www.teatteri-demo.tammipartio.fi\/index.php?rest_route=\/wp\/v2\/pages\/163\/revisions"}],"predecessor-version":[{"id":166,"href":"https:\/\/www.teatteri-demo.tammipartio.fi\/index.php?rest_route=\/wp\/v2\/pages\/163\/revisions\/166"}],"wp:attachment":[{"href":"https:\/\/www.teatteri-demo.tammipartio.fi\/index.php?rest_route=%2Fwp%2Fv2%2Fmedia&parent=163"}],"curies":[{"name":"wp","href":"https:\/\/api.w.org\/{rel}","templated":true}]}}