{"id":8,"date":"2024-12-22T14:52:11","date_gmt":"2024-12-22T14:52:11","guid":{"rendered":"https:\/\/www.teatteri-demo.tammipartio.fi\/?page_id=8"},"modified":"2025-01-19T22:36:14","modified_gmt":"2025-01-19T20:36:14","slug":"ajo-ohje-teatteriin","status":"publish","type":"page","link":"https:\/\/www.teatteri-demo.tammipartio.fi\/?page_id=8","title":{"rendered":"Ohjeet kes\u00e4teatterille saapumiseen"},"content":{"rendered":"\n<p class=\"has-dark-gray-color has-white-background-color has-text-color has-background has-link-color has-medium-font-size wp-elements-3119c772bcb6260e55031e1c2fa2a4af\" style=\"font-style:normal;font-weight:400\">Sipil\u00e4nm\u00e4en kes\u00e4teatteri sijaitsee Kaarinan kaupungissa, Piikki\u00f6ss\u00e4, noin 16 kilometrin ajomatkan p\u00e4\u00e4ss\u00e4 Turusta. Kes\u00e4teatterin parkkipaikka sijaitsee osoitteessa Sipil\u00e4ntie 4, Piikki\u00f6. Parkkipaikalta on teatterin katsomoon noin 300 metrin k\u00e4vely. Teatteri on helposti l\u00e4hestytt\u00e4viss\u00e4 niin Turusta kuin Salon suunnaltakin. F\u00f6lin bussit pys\u00e4htyv\u00e4t noin 400 metrin et\u00e4isyydelle teatterista.<\/p>\n\n\n\n<iframe loading=\"lazy\" src=\"https:\/\/www.google.com\/maps\/embed?pb=!1m26!1m12!1m3!1d984.6597067071575!2d22.483187358485495!3d60.42343161941548!2m3!1f0!2f0!3f0!3m2!1i1024!2i768!4f13.1!4m11!3e2!4m5!1s0x468c71dcbdd2f7e3%3A0x27cf140ec0b4b54e!2sSipil%C3%A4ntie%204%2C%2021500%20Kaarina!3m2!1d60.4243247!2d22.4828874!4m3!3m2!1d60.4225359!2d22.4854089!5e0!3m2!1sen!2sfi!4v1586681404996!5m2!1sen!2sfi\" style=\"border:0;\" allowfullscreen=\"\" aria-hidden=\"false\" tabindex=\"0\" width=\"600\" height=\"450\" frameborder=\"0\"><\/iframe>\n\n\n\n<figure class=\"wp-block-image size-large wp-duotone-unset-1\"><img decoding=\"async\" src=\"https:\/\/www.tammipartio.fi\/wp-content\/uploads\/whatsapp-image-2024-12-01-at-15.58.33-edited.jpeg\" alt=\"\" class=\"wp-image-940\"\/><figcaption class=\"wp-element-caption\">Tunnistat oikean paikan, kun n\u00e4et punaisen ladon.<\/figcaption><\/figure>\n\n\n\n<p class=\"has-dark-gray-color has-white-background-color has-text-color has-background has-link-color has-medium-font-size wp-elements-cdb1c0dcd4573348ae6b92ccea2ad82e\" style=\"font-style:normal;font-weight:400\">Heti m\u00e4en p\u00e4\u00e4lt\u00e4 l\u00f6ytyy lipunmyyntipisteemme. Vieraile siell\u00e4 ensimm\u00e4isen\u00e4. Ennen n\u00e4yt\u00f6ksen alkamista on my\u00f6s myyt\u00e4v\u00e4n\u00e4 kanttiinituotteita sek\u00e4 kahvilippuja, jotka helpottavat ja nopeuttavat tuotemyynti\u00e4 v\u00e4liajalla. <br><br>WC:t l\u00f6ytyv\u00e4t punaisen latorakennuksen takasein\u00e4lt\u00e4 lavaan ja katsomoon n\u00e4hden. Rakennuksessa my\u00f6s esteet\u00f6n inva-wc.<\/p>\n\n\n\n<p class=\"has-text-align-center has-large-font-size\"><strong>Tervetuloa teatteriin!<\/strong><\/p>\n","protected":false},"excerpt":{"rendered":"<p>Sipil\u00e4nm\u00e4en kes\u00e4teatteri sijaitsee Kaarinan kaupungissa, Piikki\u00f6ss\u00e4, noin 16 kilometrin ajomatkan p\u00e4\u00e4ss\u00e4 Turusta. Kes\u00e4teatterin parkkipaikka sijaitsee osoitteessa Sipil\u00e4ntie 4, Piikki\u00f6. Parkkipaikalta on teatterin katsomoon noin 300 metrin k\u00e4vely. Teatteri on helposti l\u00e4hestytt\u00e4viss\u00e4 niin Turusta kuin Salon suunnaltakin. F\u00f6lin bussit pys\u00e4htyv\u00e4t noin 400 metrin et\u00e4isyydelle teatterista. Heti m\u00e4en p\u00e4\u00e4lt\u00e4 l\u00f6ytyy lipunmyyntipisteemme. Vieraile siell\u00e4 ensimm\u00e4isen\u00e4. Ennen n\u00e4yt\u00f6ksen alkamista &hellip; <a href=\"https:\/\/www.teatteri-demo.tammipartio.fi\/?page_id=8\" class=\"more-link\">Jatka artikkeliin <span class=\"screen-reader-text\">Ohjeet kes\u00e4teatterille saapumiseen<\/span><\/a><\/p>\n","protected":false},"author":1,"featured_media":0,"parent":0,"menu_order":2,"comment_status":"closed","ping_status":"closed","template":"","meta":{"footnotes":""},"class_list":["post-8","page","type-page","status-publish","hentry"],"_links":{"self":[{"href":"https:\/\/www.teatteri-demo.tammipartio.fi\/index.php?rest_route=\/wp\/v2\/pages\/8","targetHints":{"allow":["GET"]}}],"collection":[{"href":"https:\/\/www.teatteri-demo.tammipartio.fi\/index.php?rest_route=\/wp\/v2\/pages"}],"about":[{"href":"https:\/\/www.teatteri-demo.tammipartio.fi\/index.php?rest_route=\/wp\/v2\/types\/page"}],"author":[{"embeddable":true,"href":"https:\/\/www.teatteri-demo.tammipartio.fi\/index.php?rest_route=\/wp\/v2\/users\/1"}],"replies":[{"embeddable":true,"href":"https:\/\/www.teatteri-demo.tammipartio.fi\/index.php?rest_route=%2Fwp%2Fv2%2Fcomments&post=8"}],"version-history":[{"count":7,"href":"https:\/\/www.teatteri-demo.tammipartio.fi\/index.php?rest_route=\/wp\/v2\/pages\/8\/revisions"}],"predecessor-version":[{"id":113,"href":"https:\/\/www.teatteri-demo.tammipartio.fi\/index.php?rest_route=\/wp\/v2\/pages\/8\/revisions\/113"}],"wp:attachment":[{"href":"https:\/\/www.teatteri-demo.tammipartio.fi\/index.php?rest_route=%2Fwp%2Fv2%2Fmedia&parent=8"}],"curies":[{"name":"wp","href":"https:\/\/api.w.org\/{rel}","templated":true}]}}